{"id":1065,"date":"2020-02-13T13:01:16","date_gmt":"2020-02-13T12:01:16","guid":{"rendered":"https:\/\/walterfrei.com\/la-methode-monroe\/"},"modified":"2025-06-27T17:07:37","modified_gmt":"2025-06-27T15:07:37","slug":"la-methode-monroe","status":"publish","type":"page","link":"https:\/\/walterfrei.com\/fr\/la-methode-monroe\/","title":{"rendered":"La m\u00e9thode Monroe"},"content":{"rendered":"\t\t<div data-elementor-type=\"wp-post\" data-elementor-id=\"1065\" class=\"elementor elementor-1065 elementor-507\" data-elementor-post-type=\"page\">\n\t\t\t\t<div class=\"elementor-element elementor-element-196bba0 e-flex e-con-boxed e-con e-parent\" data-id=\"196bba0\" data-element_type=\"container\" data-e-type=\"container\">\n\t\t\t\t\t<div class=\"e-con-inner\">\n\t\t<div class=\"elementor-element elementor-element-2e2c5f8 e-con-full e-flex e-con e-child\" data-id=\"2e2c5f8\" data-element_type=\"container\" data-e-type=\"container\">\n\t\t\t\t<div class=\"elementor-element elementor-element-fbdccf2 elementor-widget elementor-widget-heading\" data-id=\"fbdccf2\" data-element_type=\"widget\" data-e-type=\"widget\" data-widget_type=\"heading.default\">\n\t\t\t\t<div class=\"elementor-widget-container\">\n\t\t\t\t\t<h2 class=\"elementor-heading-title elementor-size-default\">L'inventeur<\/h2>\t\t\t\t<\/div>\n\t\t\t\t<\/div>\n\t\t\t\t<div class=\"elementor-element elementor-element-2eb4635 elementor-widget elementor-widget-text-editor\" data-id=\"2eb4635\" data-element_type=\"widget\" data-e-type=\"widget\" id=\"Die-Monroe-Methode\" data-widget_type=\"text-editor.default\">\n\t\t\t\t<div class=\"elementor-widget-container\">\n\t\t\t\t\t\t\t\t\t<p>La m\u00e9thode Monroe &#8211; \u00e9galement connue sous le nom de m\u00e9thode Hemi-Sync &#8211; est nomm\u00e9e d&rsquo;apr\u00e8s son inventeur Robert A. Monroe (1915-1995). Robert (Bob) Monroe \u00e9tait un homme d&rsquo;affaires de renomm\u00e9e de la c\u00f4te Est am\u00e9ricaine. Il a fait une brillante carri\u00e8re en tant qu&rsquo;auteur de pi\u00e8ces radiophoniques pour la radio. Il a fond\u00e9 ses propres stations de radio et rachet\u00e9 celles qui existaient d\u00e9j\u00e0. <span style=\"color: var( --e-global-color-text ); font-family: var( --e-global-typography-text-font-family ), Sans-serif; font-weight: var( --e-global-typography-text-font-weight ); text-align: var(--text-align); font-size: 1rem;\">Pendant ses loisirs, il \u00e9tait un pilote de planeur passionn\u00e9.<\/span><\/p><p><span style=\"color: var( --e-global-color-text ); font-family: var( --e-global-typography-text-font-family ), Sans-serif; font-weight: var( --e-global-typography-text-font-weight ); text-align: var(--text-align); font-size: 1rem;\">Une nuit, \u00e0 l&rsquo;\u00e2ge de 43 ans, il s&rsquo;est retrouv\u00e9 \u00e0 flotter sur le plafond de sa chambre. Il a regard\u00e9 son lit et a vu sa femme dormir \u00e0 c\u00f4t\u00e9 d&rsquo;un homme dans le lit. En regardant de plus pr\u00e8s, il a reconnu son propre corps qui dormait paisiblement dans le lit en dessous de lui. Choqu\u00e9 et effray\u00e9 par sa mort, il rame sauvagement avec ses bras pour retourner \u00e0 son corps.<\/span><\/p><p>En cette nuit de 1958, Bob Monroe a v\u00e9cu sa premi\u00e8re exp\u00e9rience consciente hors du corps (EHC). Apr\u00e8s que ses m\u00e9decins lui ont confirm\u00e9 qu&rsquo;il \u00e9tait en bonne sant\u00e9 mentale, il a commenc\u00e9 \u00e0 \u00e9tudier syst\u00e9matiquement les EHC r\u00e9currents. <\/p><p>13 ans plus tard, en 1971, il publie ses exp\u00e9riences dans le livre \u00ab\u00a0Journeys out of Body\u00a0\u00bb (Le Voyage hors du corps). Suite aux r\u00e9actions enthousiastes suscit\u00e9es par son premier livre, il a cr\u00e9\u00e9 son propre laboratoire de recherche afin de d\u00e9couvrir comment les EHC peuvent \u00eatre provoqu\u00e9s par volont\u00e9. Il l&rsquo;a appel\u00e9 <em>\u00ab\u00a0The Monroe Institute of Applied Science\u00a0\u00bb<\/em>. Les essais sur les sons binauraux ont conduit \u00e0 la d\u00e9couverte de la stimulation de l&rsquo;ensemble du cerveau et \u00e0 la d\u00e9couverte du ph\u00e9nom\u00e8ne que les ondes c\u00e9r\u00e9brales suivent les sons acoustiques. Bob Monroe a brevet\u00e9 ses d\u00e9couvertes en 1975 sous le nom de Hemi-Sync\u00a9.<\/p>\t\t\t\t\t\t\t\t<\/div>\n\t\t\t\t<\/div>\n\t\t\t\t<div class=\"elementor-element elementor-element-5fd0af1 elementor-position-right elementor-vertical-align-top elementor-widget elementor-widget-image-box\" data-id=\"5fd0af1\" data-element_type=\"widget\" data-e-type=\"widget\" data-widget_type=\"image-box.default\">\n\t\t\t\t<div class=\"elementor-widget-container\">\n\t\t\t\t\t<div class=\"elementor-image-box-wrapper\"><figure class=\"elementor-image-box-img\"><a href=\"https:\/\/walterfrei.com\/fr\/la-methode-monroe\/\" tabindex=\"-1\"><img fetchpriority=\"high\" decoding=\"async\" width=\"493\" height=\"706\" src=\"https:\/\/walterfrei.com\/wp-content\/uploads\/2019\/09\/Robert-Monroe-bw-picture.webp\" class=\"elementor-animation-wobble-vertical attachment-full size-full wp-image-1018\" alt=\"\" \/><\/a><\/figure><div class=\"elementor-image-box-content\"><h3 class=\"elementor-image-box-title\"><a href=\"https:\/\/walterfrei.com\/fr\/la-methode-monroe\/\">Bob Monroe (1915-1995)<\/a><\/h3><p class=\"elementor-image-box-description\"><i>\"The greatest illusion is that mankind has limitations\"<\/i><br>\u00ab La plus grande illusion est que l'humanit\u00e9 a des limites \u00bb.<\/p><\/div><\/div>\t\t\t\t<\/div>\n\t\t\t\t<\/div>\n\t\t\t\t<div class=\"elementor-element elementor-element-73b6313 elementor-widget elementor-widget-text-editor\" data-id=\"73b6313\" data-element_type=\"widget\" data-e-type=\"widget\" data-widget_type=\"text-editor.default\">\n\t\t\t\t<div class=\"elementor-widget-container\">\n\t\t\t\t\t\t\t\t\t<p>Kai Sui Fung, 91 ans, directeur d&rsquo;un temple bouddhiste zen en Colombie-Britannique, a d\u00e9clar\u00e9 au Wall Street Journal que la technologie sonore de l&rsquo;Institut Monroe permettait d&rsquo;atteindre des \u00e9tats de m\u00e9ditation en une semaine, ce qui n\u00e9cessitait 30 ans de pratique assise.<\/p>\t\t\t\t\t\t\t\t<\/div>\n\t\t\t\t<\/div>\n\t\t\t\t<\/div>\n\t\t\t\t\t<\/div>\n\t\t\t\t<\/div>\n\t\t\t\t<\/div>\n\t\t","protected":false},"excerpt":{"rendered":"<p>L&rsquo;inventeur La m\u00e9thode Monroe &#8211; \u00e9galement connue sous le nom de m\u00e9thode Hemi-Sync &#8211; est nomm\u00e9e d&rsquo;apr\u00e8s son inventeur Robert A. Monroe (1915-1995). Robert (Bob) Monroe \u00e9tait un homme d&rsquo;affaires de renomm\u00e9e de la c\u00f4te Est am\u00e9ricaine. Il a fait une brillante carri\u00e8re en tant qu&rsquo;auteur de pi\u00e8ces radiophoniques pour la radio. Il a fond\u00e9 [&hellip;]<\/p>\n","protected":false},"author":1,"featured_media":0,"parent":0,"menu_order":0,"comment_status":"closed","ping_status":"closed","template":"elementor_header_footer","meta":{"footnotes":""},"class_list":["post-1065","page","type-page","status-publish","hentry"],"_links":{"self":[{"href":"https:\/\/walterfrei.com\/fr\/wp-json\/wp\/v2\/pages\/1065","targetHints":{"allow":["GET"]}}],"collection":[{"href":"https:\/\/walterfrei.com\/fr\/wp-json\/wp\/v2\/pages"}],"about":[{"href":"https:\/\/walterfrei.com\/fr\/wp-json\/wp\/v2\/types\/page"}],"author":[{"embeddable":true,"href":"https:\/\/walterfrei.com\/fr\/wp-json\/wp\/v2\/users\/1"}],"replies":[{"embeddable":true,"href":"https:\/\/walterfrei.com\/fr\/wp-json\/wp\/v2\/comments?post=1065"}],"version-history":[{"count":29,"href":"https:\/\/walterfrei.com\/fr\/wp-json\/wp\/v2\/pages\/1065\/revisions"}],"predecessor-version":[{"id":3622,"href":"https:\/\/walterfrei.com\/fr\/wp-json\/wp\/v2\/pages\/1065\/revisions\/3622"}],"wp:attachment":[{"href":"https:\/\/walterfrei.com\/fr\/wp-json\/wp\/v2\/media?parent=1065"}],"curies":[{"name":"wp","href":"https:\/\/api.w.org\/{rel}","templated":true}]}}